{"id":75,"date":"2024-08-08T21:04:22","date_gmt":"2024-08-08T21:04:22","guid":{"rendered":"http:\/\/dev_sebi"},"modified":"2025-10-26T11:19:08","modified_gmt":"2025-10-26T11:19:08","slug":"contact","status":"publish","type":"page","link":"https:\/\/www.cliqlab.hu\/en\/contact\/","title":{"rendered":"Contact"},"content":{"rendered":"<div data-elementor-type=\"wp-page\" data-elementor-id=\"75\" class=\"elementor elementor-75\" data-elementor-post-type=\"page\">\n\t\t\t\t<div class=\"elementor-element elementor-element-d36e65a e-flex e-con-boxed e-con e-parent\" data-id=\"d36e65a\" data-element_type=\"container\" data-settings=\"{&quot;background_background&quot;:&quot;classic&quot;}\">\n\t\t\t\t\t<div class=\"e-con-inner\">\n\t\t\t\t<div class=\"elementor-element elementor-element-8f7fc4c elementor-absolute e-transform elementor-hidden-desktop elementor-hidden-tablet elementor-widget elementor-widget-image\" data-id=\"8f7fc4c\" data-element_type=\"widget\" data-settings=\"{&quot;_position&quot;:&quot;absolute&quot;,&quot;_transform_rotateZ_effect_mobile&quot;:{&quot;unit&quot;:&quot;deg&quot;,&quot;size&quot;:90,&quot;sizes&quot;:[]},&quot;_transform_rotateZ_effect&quot;:{&quot;unit&quot;:&quot;px&quot;,&quot;size&quot;:&quot;&quot;,&quot;sizes&quot;:[]},&quot;_transform_rotateZ_effect_tablet&quot;:{&quot;unit&quot;:&quot;deg&quot;,&quot;size&quot;:&quot;&quot;,&quot;sizes&quot;:[]}}\" data-widget_type=\"image.default\">\n\t\t\t\t<div class=\"elementor-widget-container\">\n\t\t\t\t\t\t\t\t\t\t\t\t\t\t\t<img fetchpriority=\"high\" decoding=\"async\" width=\"800\" height=\"525\" src=\"https:\/\/www.cliqlab.hu\/wp-content\/uploads\/2024\/08\/Rolunk_pontok.png\" class=\"attachment-large size-large wp-image-710\" alt=\"\" srcset=\"https:\/\/www.cliqlab.hu\/wp-content\/uploads\/2024\/08\/Rolunk_pontok.png 800w, https:\/\/www.cliqlab.hu\/wp-content\/uploads\/2024\/08\/Rolunk_pontok-300x197.png 300w, https:\/\/www.cliqlab.hu\/wp-content\/uploads\/2024\/08\/Rolunk_pontok-768x504.png 768w, https:\/\/www.cliqlab.hu\/wp-content\/uploads\/2024\/08\/Rolunk_pontok-18x12.png 18w\" sizes=\"(max-width: 800px) 100vw, 800px\" \/>\t\t\t\t\t\t\t\t\t\t\t\t\t\t\t<\/div>\n\t\t\t\t<\/div>\n\t\t<div class=\"elementor-element elementor-element-ca092af e-con-full e-flex e-con e-child\" data-id=\"ca092af\" data-element_type=\"container\">\n\t\t\t\t<div class=\"elementor-element elementor-element-f443bc3 elementor-absolute elementor-widget elementor-widget-image\" data-id=\"f443bc3\" data-element_type=\"widget\" data-settings=\"{&quot;_position&quot;:&quot;absolute&quot;,&quot;motion_fx_motion_fx_mouse&quot;:&quot;yes&quot;,&quot;motion_fx_mouseTrack_effect&quot;:&quot;yes&quot;,&quot;motion_fx_mouseTrack_speed&quot;:{&quot;unit&quot;:&quot;px&quot;,&quot;size&quot;:0.3,&quot;sizes&quot;:[]}}\" data-widget_type=\"image.default\">\n\t\t\t\t<div class=\"elementor-widget-container\">\n\t\t\t\t\t\t\t\t\t\t\t\t\t\t\t<img decoding=\"async\" width=\"480\" height=\"480\" src=\"https:\/\/www.cliqlab.hu\/wp-content\/uploads\/2024\/08\/IMG_2151-1-1.png\" class=\"attachment-large size-large wp-image-21\" alt=\"\" srcset=\"https:\/\/www.cliqlab.hu\/wp-content\/uploads\/2024\/08\/IMG_2151-1-1.png 480w, https:\/\/www.cliqlab.hu\/wp-content\/uploads\/2024\/08\/IMG_2151-1-1-300x300.png 300w, https:\/\/www.cliqlab.hu\/wp-content\/uploads\/2024\/08\/IMG_2151-1-1-150x150.png 150w\" sizes=\"(max-width: 480px) 100vw, 480px\" \/>\t\t\t\t\t\t\t\t\t\t\t\t\t\t\t<\/div>\n\t\t\t\t<\/div>\n\t\t\t\t<div class=\"elementor-element elementor-element-cd5006b elementor-absolute elementor-hidden-mobile elementor-widget elementor-widget-image\" data-id=\"cd5006b\" data-element_type=\"widget\" data-settings=\"{&quot;_position&quot;:&quot;absolute&quot;}\" data-widget_type=\"image.default\">\n\t\t\t\t<div class=\"elementor-widget-container\">\n\t\t\t\t\t\t\t\t\t\t\t\t\t\t\t<img fetchpriority=\"high\" decoding=\"async\" width=\"800\" height=\"525\" src=\"https:\/\/www.cliqlab.hu\/wp-content\/uploads\/2024\/08\/Rolunk_pontok.png\" class=\"attachment-large size-large wp-image-710\" alt=\"\" srcset=\"https:\/\/www.cliqlab.hu\/wp-content\/uploads\/2024\/08\/Rolunk_pontok.png 800w, https:\/\/www.cliqlab.hu\/wp-content\/uploads\/2024\/08\/Rolunk_pontok-300x197.png 300w, https:\/\/www.cliqlab.hu\/wp-content\/uploads\/2024\/08\/Rolunk_pontok-768x504.png 768w, https:\/\/www.cliqlab.hu\/wp-content\/uploads\/2024\/08\/Rolunk_pontok-18x12.png 18w\" sizes=\"(max-width: 800px) 100vw, 800px\" \/>\t\t\t\t\t\t\t\t\t\t\t\t\t\t\t<\/div>\n\t\t\t\t<\/div>\n\t\t<div class=\"elementor-element elementor-element-a2a8ae9 e-con-full e-flex e-con e-child\" data-id=\"a2a8ae9\" data-element_type=\"container\" data-settings=\"{&quot;background_background&quot;:&quot;classic&quot;}\">\n\t\t\t\t<div class=\"elementor-element elementor-element-39562e5 elementor-widget elementor-widget-heading\" data-id=\"39562e5\" data-element_type=\"widget\" data-widget_type=\"heading.default\">\n\t\t\t\t<div class=\"elementor-widget-container\">\n\t\t\t\t\t<p class=\"elementor-heading-title elementor-size-default\">Want to see results?<br><span style=\"color:#C3F200\">Contact us!<\/span><\/p>\t\t\t\t<\/div>\n\t\t\t\t<\/div>\n\t\t\t\t<div class=\"elementor-element elementor-element-76c3460 elementor-icon-list--layout-traditional elementor-list-item-link-full_width elementor-widget elementor-widget-icon-list\" data-id=\"76c3460\" data-element_type=\"widget\" data-widget_type=\"icon-list.default\">\n\t\t\t\t<div class=\"elementor-widget-container\">\n\t\t\t\t\t\t\t<ul class=\"elementor-icon-list-items\">\n\t\t\t\t\t\t\t<li class=\"elementor-icon-list-item\">\n\t\t\t\t\t\t\t\t\t\t\t<a href=\"tel:+36302968850\">\n\n\t\t\t\t\t\t\t\t\t\t\t\t<span class=\"elementor-icon-list-icon\">\n\t\t\t\t\t\t\t<svg xmlns=\"http:\/\/www.w3.org\/2000\/svg\" id=\"uuid-81c8d93f-6938-4fa8-a59a-d626ce02aa9c\" viewbox=\"0 0 29.2 29.2\"><defs><style>.uuid-84831bd1-8f2c-4f81-9700-f984c9a786c2{fill:#303030;}.uuid-be27a2b7-90bf-4fce-ae67-0120c89e4201{stroke-width:1.3px;}.uuid-be27a2b7-90bf-4fce-ae67-0120c89e4201,.uuid-53bede7c-4ade-4893-ad59-17e511373b13{fill:none;stroke:#addc00;stroke-linecap:round;stroke-linejoin:round;}.uuid-3fdecff2-db55-4039-a4e4-b381e6a7fa1d{fill:#0c0c0c;}.uuid-53bede7c-4ade-4893-ad59-17e511373b13{stroke-width:.7px;}<\/style><\/defs><g id=\"uuid-463e3645-c4e4-4c60-9780-fab0f76ceeec\"><path class=\"uuid-3fdecff2-db55-4039-a4e4-b381e6a7fa1d\" d=\"M14.6,29.1C6.6,29.1.2,22.6.2,14.6S6.6.2,14.6.2s14.4,6.5,14.4,14.4-6.5,14.4-14.4,14.4Z\"><\/path><path class=\"uuid-84831bd1-8f2c-4f81-9700-f984c9a786c2\" d=\"M14.6.3c7.9,0,14.3,6.4,14.3,14.3h0c0,7.9-6.4,14.3-14.3,14.3S.3,22.5.3,14.6H.3C.3,6.8,6.8.3,14.6.3M14.6,0C6.6,0,0,6.6,0,14.6s6.6,14.6,14.6,14.6,14.6-6.6,14.6-14.6S22.7,0,14.6,0h0Z\"><\/path><rect class=\"uuid-53bede7c-4ade-4893-ad59-17e511373b13\" x=\"10.5\" y=\"8.8\" width=\"8.2\" height=\"11.6\" rx=\"1.2\" ry=\"1.2\"><\/rect><line class=\"uuid-be27a2b7-90bf-4fce-ae67-0120c89e4201\" x1=\"14.6\" y1=\"18.1\" x2=\"14.6\" y2=\"18.1\"><\/line><\/g><\/svg>\t\t\t\t\t\t<\/span>\n\t\t\t\t\t\t\t\t\t\t<span class=\"elementor-icon-list-text\"><b>Phone<\/b> +36 30 296 8850<\/span>\n\t\t\t\t\t\t\t\t\t\t\t<\/a>\n\t\t\t\t\t\t\t\t\t<\/li>\n\t\t\t\t\t\t\t\t<li class=\"elementor-icon-list-item\">\n\t\t\t\t\t\t\t\t\t\t\t<a href=\"mailto:hello@cliq.hu\">\n\n\t\t\t\t\t\t\t\t\t\t\t\t<span class=\"elementor-icon-list-icon\">\n\t\t\t\t\t\t\t<svg xmlns=\"http:\/\/www.w3.org\/2000\/svg\" id=\"uuid-b1480e9e-868f-4122-afb7-12b0c0000d64\" viewbox=\"0 0 29.2 29.2\"><defs><style>.uuid-d697a639-27ed-4ca1-a658-5bb594c681c1{fill:#303030;}.uuid-028d2784-62ce-403c-908b-f01aa6f3f3fc{fill:#0c0c0c;}.uuid-1dc1bc10-b629-462d-b15c-452d733c94bc{fill:none;stroke:#addc00;stroke-linecap:round;stroke-linejoin:round;stroke-width:.7px;}<\/style><\/defs><g id=\"uuid-490d17a1-ed71-4356-98e0-77376542b804\"><path class=\"uuid-028d2784-62ce-403c-908b-f01aa6f3f3fc\" d=\"M14.6,29.1C6.6,29.1.2,22.6.2,14.6S6.6.2,14.6.2s14.4,6.5,14.4,14.4-6.5,14.4-14.4,14.4Z\"><\/path><path class=\"uuid-d697a639-27ed-4ca1-a658-5bb594c681c1\" d=\"M14.6.3c7.9,0,14.3,6.4,14.3,14.3h0c0,7.9-6.4,14.3-14.3,14.3S.3,22.5.3,14.6H.3C.3,6.8,6.8.3,14.6.3M14.6,0C6.6,0,0,6.6,0,14.6s6.6,14.6,14.6,14.6,14.6-6.6,14.6-14.6S22.7,0,14.6,0h0Z\"><\/path><polyline class=\"uuid-1dc1bc10-b629-462d-b15c-452d733c94bc\" points=\"20.4 14.6 16.9 14.6 15.8 16.4 13.5 16.4 12.3 14.6 8.8 14.6\"><\/polyline><path class=\"uuid-1dc1bc10-b629-462d-b15c-452d733c94bc\" d=\"M10.8,10.6l-2,4v3.5c0,.6.5,1.2,1.2,1.2h9.3c.6,0,1.2-.5,1.2-1.2v-3.5l-2-4c-.2-.4-.6-.6-1-.6h-5.5c-.4,0-.8.3-1,.6Z\"><\/path><\/g><\/svg>\t\t\t\t\t\t<\/span>\n\t\t\t\t\t\t\t\t\t\t<span class=\"elementor-icon-list-text\"><b>E-mail:<\/b> hello@cliq.hu<\/span>\n\t\t\t\t\t\t\t\t\t\t\t<\/a>\n\t\t\t\t\t\t\t\t\t<\/li>\n\t\t\t\t\t\t<\/ul>\n\t\t\t\t\t\t<\/div>\n\t\t\t\t<\/div>\n\t\t\t\t<\/div>\n\t\t<div class=\"elementor-element elementor-element-dff8033 e-con-full e-flex e-con e-child\" data-id=\"dff8033\" data-element_type=\"container\" data-settings=\"{&quot;background_background&quot;:&quot;classic&quot;}\">\n\t\t\t\t<div class=\"elementor-element elementor-element-d04ef7c elementor-button-align-start elementor-widget elementor-widget-global elementor-global-932 elementor-widget-form\" data-id=\"d04ef7c\" data-element_type=\"widget\" data-settings=\"{&quot;step_next_label&quot;:&quot;K\\u00f6vetkez\\u0151&quot;,&quot;step_previous_label&quot;:&quot;El\\u0151z\\u0151&quot;,&quot;button_width&quot;:&quot;100&quot;,&quot;step_type&quot;:&quot;number_text&quot;,&quot;step_icon_shape&quot;:&quot;circle&quot;}\" data-widget_type=\"form.default\">\n\t\t\t\t<div class=\"elementor-widget-container\">\n\t\t\t\t\t\t\t<form class=\"elementor-form\" method=\"post\" name=\"\u00daj \u0171rlap\" aria-label=\"\u00daj \u0171rlap\" action=\"\">\n\t\t\t<input type=\"hidden\" name=\"post_id\" value=\"75\"\/>\n\t\t\t<input type=\"hidden\" name=\"form_id\" value=\"d04ef7c\"\/>\n\t\t\t<input type=\"hidden\" name=\"referer_title\" value=\"CLIQLAB.\" \/>\n\n\t\t\t\n\t\t\t<div class=\"elementor-form-fields-wrapper elementor-labels-above\">\n\t\t\t\t\t\t\t\t<div class=\"elementor-field-type-text elementor-field-group elementor-column elementor-field-group-name elementor-col-100\">\n\t\t\t\t\t\t\t\t\t\t\t\t<label for=\"form-field-name\" class=\"elementor-field-label\">\n\t\t\t\t\t\t\t\tName\t\t\t\t\t\t\t<\/label>\n\t\t\t\t\t\t\t\t\t\t\t\t\t\t<input size=\"1\" type=\"text\" name=\"form_fields[name]\" id=\"form-field-name\" class=\"elementor-field elementor-size-sm  elementor-field-textual\">\n\t\t\t\t\t\t\t\t\t\t\t<\/div>\n\t\t\t\t\t\t\t\t<div class=\"elementor-field-type-email elementor-field-group elementor-column elementor-field-group-email elementor-col-50 elementor-field-required\">\n\t\t\t\t\t\t\t\t\t\t\t\t<label for=\"form-field-email\" class=\"elementor-field-label\">\n\t\t\t\t\t\t\t\tE-mail\t\t\t\t\t\t\t<\/label>\n\t\t\t\t\t\t\t\t\t\t\t\t\t\t<input size=\"1\" type=\"email\" name=\"form_fields[email]\" id=\"form-field-email\" class=\"elementor-field elementor-size-sm  elementor-field-textual\" required=\"required\">\n\t\t\t\t\t\t\t\t\t\t\t<\/div>\n\t\t\t\t\t\t\t\t<div class=\"elementor-field-type-tel elementor-field-group elementor-column elementor-field-group-field_d20d9f4 elementor-col-50 elementor-field-required\">\n\t\t\t\t\t\t\t\t\t\t\t\t<label for=\"form-field-field_d20d9f4\" class=\"elementor-field-label\">\n\t\t\t\t\t\t\t\tPhone number\t\t\t\t\t\t\t<\/label>\n\t\t\t\t\t\t\t\t<input size=\"1\" type=\"tel\" name=\"form_fields[field_d20d9f4]\" id=\"form-field-field_d20d9f4\" class=\"elementor-field elementor-size-sm  elementor-field-textual\" required=\"required\" pattern=\"[0-9()#&amp;+*-=.]+\" title=\"Only numbers and phone characters (#, -, *, etc) are accepted.\">\n\n\t\t\t\t\t\t<\/div>\n\t\t\t\t\t\t\t\t<div class=\"elementor-field-type-textarea elementor-field-group elementor-column elementor-field-group-message elementor-col-100\">\n\t\t\t\t\t\t\t\t\t\t\t\t<label for=\"form-field-message\" class=\"elementor-field-label\">\n\t\t\t\t\t\t\t\tMessage\t\t\t\t\t\t\t<\/label>\n\t\t\t\t\t\t<textarea class=\"elementor-field-textual elementor-field  elementor-size-sm\" name=\"form_fields[message]\" id=\"form-field-message\" rows=\"4\"><\/textarea>\t\t\t\t<\/div>\n\t\t\t\t\t\t\t\t<div class=\"elementor-field-type-acceptance elementor-field-group elementor-column elementor-field-group-field_f3a4be6 elementor-col-100 elementor-field-required\">\n\t\t\t\t\t\t\t<div class=\"elementor-field-subgroup\">\n\t\t\t<span class=\"elementor-field-option\">\n\t\t\t\t<input type=\"checkbox\" name=\"form_fields[field_f3a4be6]\" id=\"form-field-field_f3a4be6\" class=\"elementor-field elementor-size-sm  elementor-acceptance-field\" required=\"required\" checked=\"checked\">\n\t\t\t\t<label for=\"form-field-field_f3a4be6\">I accept the <a href=\"https:\/\/www.cliqlab.hu\/en\/adatkezelesi-tajekoztato\/\" target=\"_blank\">privacy policy<\/a> and consent to the processing of my personal data.<\/label>\t\t\t<\/span>\n\t\t<\/div>\n\t\t\t\t\t\t<\/div>\n\t\t\t\t\t\t\t\t<div class=\"elementor-field-type-recaptcha_v3 elementor-field-group elementor-column elementor-field-group-field_a50e02f elementor-col-100 recaptcha_v3-inline\">\n\t\t\t\t\t<div class=\"elementor-field\" id=\"form-field-field_a50e02f\"><div class=\"elementor-g-recaptcha\" data-sitekey=\"6Lcimk4qAAAAAKuBHjlSZRadixVQxt-EbSQqFZXz\" data-type=\"v3\" data-action=\"Form\" data-badge=\"inline\" data-size=\"invisible\"><\/div><\/div>\t\t\t\t<\/div>\n\t\t\t\t\t\t\t\t<div class=\"elementor-field-group elementor-column elementor-field-type-submit elementor-col-100 e-form__buttons\">\n\t\t\t\t\t<button class=\"elementor-button elementor-size-sm\" type=\"submit\">\n\t\t\t\t\t\t<span class=\"elementor-button-content-wrapper\">\n\t\t\t\t\t\t\t\t\t\t\t\t\t\t\t\t\t\t\t\t\t\t<span class=\"elementor-button-text\">Contact<\/span>\n\t\t\t\t\t\t\t\t\t\t\t\t\t<\/span>\n\t\t\t\t\t<\/button>\n\t\t\t\t<\/div>\n\t\t\t<\/div>\n\t\t<input type=\"hidden\" name=\"trp-form-language\" value=\"en\"\/><\/form>\n\t\t\t\t\t\t<\/div>\n\t\t\t\t<\/div>\n\t\t\t\t<\/div>\n\t\t\t\t<\/div>\n\t\t\t\t\t<\/div>\n\t\t\t\t<\/div>\n\t\t\t\t<\/div>","protected":false},"excerpt":{"rendered":"<p>Eredm\u00e9nyeket szeretn\u00e9l l\u00e1tni?Keress minket! Telefon: +36 30 296 8850 E-mail: hello@cliq.hu<\/p>","protected":false},"author":1,"featured_media":0,"parent":0,"menu_order":0,"comment_status":"closed","ping_status":"closed","template":"elementor_header_footer","meta":{"footnotes":""},"class_list":["post-75","page","type-page","status-publish","hentry"],"yoast_head":"<!-- This site is optimized with the Yoast SEO Premium plugin v25.6 (Yoast SEO v26.2) - https:\/\/yoast.com\/wordpress\/plugins\/seo\/ -->\n<title>Kapcsolat - CLIQLAB.<\/title>\n<meta name=\"robots\" content=\"index, follow, max-snippet:-1, max-image-preview:large, max-video-preview:-1\" \/>\n<link rel=\"canonical\" href=\"https:\/\/www.cliqlab.hu\/en\/contact\/\" \/>\n<meta property=\"og:locale\" content=\"en_US\" \/>\n<meta property=\"og:type\" content=\"article\" \/>\n<meta property=\"og:title\" content=\"Kapcsolat\" \/>\n<meta property=\"og:description\" content=\"Eredm\u00e9nyeket szeretn\u00e9l l\u00e1tni?Keress minket! Telefon: +36 30 296 8850 E-mail: hello@cliq.hu\" \/>\n<meta property=\"og:url\" content=\"https:\/\/www.cliqlab.hu\/en\/contact\/\" \/>\n<meta property=\"og:site_name\" content=\"CLIQLAB.\" \/>\n<meta property=\"article:modified_time\" content=\"2025-10-26T11:19:08+00:00\" \/>\n<meta property=\"og:image\" content=\"https:\/\/www.cliqlab.hu\/wp-content\/uploads\/2024\/08\/Rolunk_pontok.png\" \/>\n\t<meta property=\"og:image:width\" content=\"800\" \/>\n\t<meta property=\"og:image:height\" content=\"525\" \/>\n\t<meta property=\"og:image:type\" content=\"image\/png\" \/>\n<meta name=\"twitter:card\" content=\"summary_large_image\" \/>\n<meta name=\"twitter:label1\" content=\"Est. reading time\" \/>\n\t<meta name=\"twitter:data1\" content=\"1 minute\" \/>\n<script type=\"application\/ld+json\" class=\"yoast-schema-graph\">{\"@context\":\"https:\/\/schema.org\",\"@graph\":[{\"@type\":\"WebPage\",\"@id\":\"https:\/\/www.cliqlab.hu\/contact\/\",\"url\":\"https:\/\/www.cliqlab.hu\/contact\/\",\"name\":\"Kapcsolat - CLIQLAB.\",\"isPartOf\":{\"@id\":\"http:\/\/www.cliqlab.hu\/en\/#website\"},\"primaryImageOfPage\":{\"@id\":\"https:\/\/www.cliqlab.hu\/contact\/#primaryimage\"},\"image\":{\"@id\":\"https:\/\/www.cliqlab.hu\/contact\/#primaryimage\"},\"thumbnailUrl\":\"https:\/\/www.cliqlab.hu\/wp-content\/uploads\/2024\/08\/Rolunk_pontok.png\",\"datePublished\":\"2024-08-08T21:04:22+00:00\",\"dateModified\":\"2025-10-26T11:19:08+00:00\",\"breadcrumb\":{\"@id\":\"https:\/\/www.cliqlab.hu\/contact\/#breadcrumb\"},\"inLanguage\":\"en-US\",\"potentialAction\":[{\"@type\":\"ReadAction\",\"target\":[\"https:\/\/www.cliqlab.hu\/contact\/\"]}]},{\"@type\":\"ImageObject\",\"inLanguage\":\"en-US\",\"@id\":\"https:\/\/www.cliqlab.hu\/contact\/#primaryimage\",\"url\":\"https:\/\/www.cliqlab.hu\/wp-content\/uploads\/2024\/08\/Rolunk_pontok.png\",\"contentUrl\":\"https:\/\/www.cliqlab.hu\/wp-content\/uploads\/2024\/08\/Rolunk_pontok.png\"},{\"@type\":\"BreadcrumbList\",\"@id\":\"https:\/\/www.cliqlab.hu\/contact\/#breadcrumb\",\"itemListElement\":[{\"@type\":\"ListItem\",\"position\":1,\"name\":\"Kezd\u0151lap\",\"item\":\"https:\/\/www.cliqlab.hu\/\"},{\"@type\":\"ListItem\",\"position\":2,\"name\":\"Kapcsolat\"}]},{\"@type\":\"WebSite\",\"@id\":\"http:\/\/www.cliqlab.hu\/en\/#website\",\"url\":\"http:\/\/www.cliqlab.hu\/en\/\",\"name\":\"CLIQLAB.\",\"description\":\"Marketing Agency\",\"publisher\":{\"@id\":\"http:\/\/www.cliqlab.hu\/en\/#organization\"},\"potentialAction\":[{\"@type\":\"SearchAction\",\"target\":{\"@type\":\"EntryPoint\",\"urlTemplate\":\"http:\/\/www.cliqlab.hu\/en\/?s={search_term_string}\"},\"query-input\":{\"@type\":\"PropertyValueSpecification\",\"valueRequired\":true,\"valueName\":\"search_term_string\"}}],\"inLanguage\":\"en-US\"},{\"@type\":\"Organization\",\"@id\":\"http:\/\/www.cliqlab.hu\/en\/#organization\",\"name\":\"CLIQLAB.\",\"url\":\"http:\/\/www.cliqlab.hu\/en\/\",\"logo\":{\"@type\":\"ImageObject\",\"inLanguage\":\"en-US\",\"@id\":\"http:\/\/www.cliqlab.hu\/en\/#\/schema\/logo\/image\/\",\"url\":\"https:\/\/www.cliqlab.hu\/wp-content\/uploads\/2024\/08\/cropped-CLIQLAB_LOGO_WEB.png\",\"contentUrl\":\"https:\/\/www.cliqlab.hu\/wp-content\/uploads\/2024\/08\/cropped-CLIQLAB_LOGO_WEB.png\",\"width\":2145,\"height\":334,\"caption\":\"CLIQLAB.\"},\"image\":{\"@id\":\"http:\/\/www.cliqlab.hu\/en\/#\/schema\/logo\/image\/\"}}]}<\/script>\n<!-- \/ Yoast SEO Premium plugin. -->","yoast_head_json":{"title":"Kapcsolat - CLIQLAB.","robots":{"index":"index","follow":"follow","max-snippet":"max-snippet:-1","max-image-preview":"max-image-preview:large","max-video-preview":"max-video-preview:-1"},"canonical":"https:\/\/www.cliqlab.hu\/en\/contact\/","og_locale":"en_US","og_type":"article","og_title":"Kapcsolat","og_description":"Eredm\u00e9nyeket szeretn\u00e9l l\u00e1tni?Keress minket! Telefon: +36 30 296 8850 E-mail: hello@cliq.hu","og_url":"https:\/\/www.cliqlab.hu\/en\/contact\/","og_site_name":"CLIQLAB.","article_modified_time":"2025-10-26T11:19:08+00:00","og_image":[{"width":800,"height":525,"url":"https:\/\/www.cliqlab.hu\/wp-content\/uploads\/2024\/08\/Rolunk_pontok.png","type":"image\/png"}],"twitter_card":"summary_large_image","twitter_misc":{"Est. reading time":"1 minute"},"schema":{"@context":"https:\/\/schema.org","@graph":[{"@type":"WebPage","@id":"https:\/\/www.cliqlab.hu\/contact\/","url":"https:\/\/www.cliqlab.hu\/contact\/","name":"Kapcsolat - CLIQLAB.","isPartOf":{"@id":"http:\/\/www.cliqlab.hu\/en\/#website"},"primaryImageOfPage":{"@id":"https:\/\/www.cliqlab.hu\/contact\/#primaryimage"},"image":{"@id":"https:\/\/www.cliqlab.hu\/contact\/#primaryimage"},"thumbnailUrl":"https:\/\/www.cliqlab.hu\/wp-content\/uploads\/2024\/08\/Rolunk_pontok.png","datePublished":"2024-08-08T21:04:22+00:00","dateModified":"2025-10-26T11:19:08+00:00","breadcrumb":{"@id":"https:\/\/www.cliqlab.hu\/contact\/#breadcrumb"},"inLanguage":"en-US","potentialAction":[{"@type":"ReadAction","target":["https:\/\/www.cliqlab.hu\/contact\/"]}]},{"@type":"ImageObject","inLanguage":"en-US","@id":"https:\/\/www.cliqlab.hu\/contact\/#primaryimage","url":"https:\/\/www.cliqlab.hu\/wp-content\/uploads\/2024\/08\/Rolunk_pontok.png","contentUrl":"https:\/\/www.cliqlab.hu\/wp-content\/uploads\/2024\/08\/Rolunk_pontok.png"},{"@type":"BreadcrumbList","@id":"https:\/\/www.cliqlab.hu\/contact\/#breadcrumb","itemListElement":[{"@type":"ListItem","position":1,"name":"Kezd\u0151lap","item":"https:\/\/www.cliqlab.hu\/"},{"@type":"ListItem","position":2,"name":"Kapcsolat"}]},{"@type":"WebSite","@id":"http:\/\/www.cliqlab.hu\/en\/#website","url":"http:\/\/www.cliqlab.hu\/en\/","name":"CLIQLAB.","description":"Marketing Agency","publisher":{"@id":"http:\/\/www.cliqlab.hu\/en\/#organization"},"potentialAction":[{"@type":"SearchAction","target":{"@type":"EntryPoint","urlTemplate":"http:\/\/www.cliqlab.hu\/en\/?s={search_term_string}"},"query-input":{"@type":"PropertyValueSpecification","valueRequired":true,"valueName":"search_term_string"}}],"inLanguage":"en-US"},{"@type":"Organization","@id":"http:\/\/www.cliqlab.hu\/en\/#organization","name":"CLIQLAB.","url":"http:\/\/www.cliqlab.hu\/en\/","logo":{"@type":"ImageObject","inLanguage":"en-US","@id":"http:\/\/www.cliqlab.hu\/en\/#\/schema\/logo\/image\/","url":"https:\/\/www.cliqlab.hu\/wp-content\/uploads\/2024\/08\/cropped-CLIQLAB_LOGO_WEB.png","contentUrl":"https:\/\/www.cliqlab.hu\/wp-content\/uploads\/2024\/08\/cropped-CLIQLAB_LOGO_WEB.png","width":2145,"height":334,"caption":"CLIQLAB."},"image":{"@id":"http:\/\/www.cliqlab.hu\/en\/#\/schema\/logo\/image\/"}}]}},"_links":{"self":[{"href":"https:\/\/www.cliqlab.hu\/en\/wp-json\/wp\/v2\/pages\/75","targetHints":{"allow":["GET"]}}],"collection":[{"href":"https:\/\/www.cliqlab.hu\/en\/wp-json\/wp\/v2\/pages"}],"about":[{"href":"https:\/\/www.cliqlab.hu\/en\/wp-json\/wp\/v2\/types\/page"}],"author":[{"embeddable":true,"href":"https:\/\/www.cliqlab.hu\/en\/wp-json\/wp\/v2\/users\/1"}],"replies":[{"embeddable":true,"href":"https:\/\/www.cliqlab.hu\/en\/wp-json\/wp\/v2\/comments?post=75"}],"version-history":[{"count":57,"href":"https:\/\/www.cliqlab.hu\/en\/wp-json\/wp\/v2\/pages\/75\/revisions"}],"predecessor-version":[{"id":2096,"href":"https:\/\/www.cliqlab.hu\/en\/wp-json\/wp\/v2\/pages\/75\/revisions\/2096"}],"wp:attachment":[{"href":"https:\/\/www.cliqlab.hu\/en\/wp-json\/wp\/v2\/media?parent=75"}],"curies":[{"name":"wp","href":"https:\/\/api.w.org\/{rel}","templated":true}]}}