{"id":435,"date":"2024-08-09T13:25:21","date_gmt":"2024-08-09T13:25:21","guid":{"rendered":"https:\/\/cliqlab.hu\/?page_id=435"},"modified":"2025-10-26T11:13:31","modified_gmt":"2025-10-26T11:13:31","slug":"impresszum","status":"publish","type":"page","link":"https:\/\/www.cliqlab.hu\/en\/impresszum\/","title":{"rendered":"Impressum"},"content":{"rendered":"<div data-elementor-type=\"wp-page\" data-elementor-id=\"435\" class=\"elementor elementor-435\" data-elementor-post-type=\"page\">\n\t\t\t\t<div class=\"elementor-element elementor-element-6b774df e-flex e-con-boxed e-con e-parent\" data-id=\"6b774df\" data-element_type=\"container\" data-settings=\"{&quot;background_background&quot;:&quot;classic&quot;}\">\n\t\t\t\t\t<div class=\"e-con-inner\">\n\t\t\t\t<div class=\"elementor-element elementor-element-b25b176 elementor-absolute elementor-widget elementor-widget-image\" data-id=\"b25b176\" data-element_type=\"widget\" data-settings=\"{&quot;_position&quot;:&quot;absolute&quot;}\" data-widget_type=\"image.default\">\n\t\t\t\t<div class=\"elementor-widget-container\">\n\t\t\t\t\t\t\t\t\t\t\t\t\t\t\t<img decoding=\"async\" width=\"16\" height=\"16\" src=\"https:\/\/www.cliqlab.hu\/wp-content\/uploads\/2024\/08\/Element-2.svg\" class=\"attachment-large size-large wp-image-38\" alt=\"\" \/>\t\t\t\t\t\t\t\t\t\t\t\t\t\t\t<\/div>\n\t\t\t\t<\/div>\n\t\t\t\t<div class=\"elementor-element elementor-element-6c626cf elementor-absolute elementor-widget elementor-widget-image\" data-id=\"6c626cf\" data-element_type=\"widget\" data-settings=\"{&quot;_position&quot;:&quot;absolute&quot;}\" data-widget_type=\"image.default\">\n\t\t\t\t<div class=\"elementor-widget-container\">\n\t\t\t\t\t\t\t\t\t\t\t\t\t\t\t<img decoding=\"async\" width=\"16\" height=\"16\" src=\"https:\/\/www.cliqlab.hu\/wp-content\/uploads\/2024\/08\/Element-1.svg\" class=\"attachment-large size-large wp-image-37\" alt=\"\" \/>\t\t\t\t\t\t\t\t\t\t\t\t\t\t\t<\/div>\n\t\t\t\t<\/div>\n\t\t\t\t<div class=\"elementor-element elementor-element-8b2ce5c elementor-widget elementor-widget-text-editor\" data-id=\"8b2ce5c\" data-element_type=\"widget\" data-widget_type=\"text-editor.default\">\n\t\t\t\t<div class=\"elementor-widget-container\">\n\t\t\t\t\t\t\t\t\t<p><span style=\"text-decoration: underline;\"><strong>Company Name:<\/strong><\/span> CLIQLAB Kft.<br \/><strong><span style=\"text-decoration: underline;\">Company Registration Number:<\/span><\/strong> 02-09-087701<br \/><span style=\"text-decoration: underline;\"><strong>Tax Number:<\/strong><\/span> 32299625-2-02 (VAT: HU32299625)<br \/><strong><span style=\"text-decoration: underline;\">Registered Office:<\/span><\/strong> 7624 P\u00e9cs, Kacs\u00f3h Pongr\u00e1c utca 1. 2. em. 6. a<br \/><strong><span style=\"text-decoration: underline;\">E-mail:<\/span><\/strong> hello@cliq.hu<br \/><strong><span style=\"text-decoration: underline;\">Representative:<\/span><\/strong> Lehmann M\u00e1rta \u00fcgyvezet\u0151<br \/><strong><span style=\"text-decoration: underline;\">Phone<\/span><\/strong> +36 30 296 8850<br \/><strong><span style=\"text-decoration: underline;\">Registering Authority:<\/span><\/strong> P\u00e9cs Court of Registration<br \/><strong><span style=\"text-decoration: underline;\">Chamber:<\/span><\/strong> Our company is a voluntary member of the P\u00e9cs-Baranya Chamber of Commerce and Industry<br \/><span style=\"text-decoration: underline;\"><strong>Hosting-Provider:<\/strong><\/span> T\u00e1rhely.Eu Szolg\u00e1ltat\u00f3 Kft. (1144 Budapest, Orm\u00e1ns\u00e1g utca 4. X. em. 241.; support@tarhely.eu)<\/p>\t\t\t\t\t\t\t\t<\/div>\n\t\t\t\t<\/div>\n\t\t\t\t\t<\/div>\n\t\t\t\t<\/div>\n\t\t\t\t<\/div>","protected":false},"excerpt":{"rendered":"<p>C\u00e9gn\u00e9v: CLIQLAB Kft.C\u00e9gjegyz\u00e9ksz\u00e1m: 02-09-087701Ad\u00f3sz\u00e1m: 32299625-2-02 (VAT: HU32299625)Sz\u00e9khely: 7624 P\u00e9cs, Kacs\u00f3h Pongr\u00e1c utca 1. 2. em. 6. aE-mail: hello@cliq.huK\u00e9pvisel\u0151: Lehmann M\u00e1rta \u00fcgyvezet\u0151Telefon: +36 30 296 8850Nyilv\u00e1ntart\u00e1sba vev\u0151 hat\u00f3s\u00e1g: P\u00e9csi T\u00f6rv\u00e9nysz\u00e9k C\u00e9gb\u00edr\u00f3s\u00e1gaKamara: C\u00e9g\u00fcnk a P\u00e9cs-Baranyai Kereskedelmi \u00e9s Iparkamara \u00f6nk\u00e9ntes tagjaT\u00e1rhelyszolg\u00e1ltat\u00f3: T\u00e1rhely.Eu Szolg\u00e1ltat\u00f3 Kft. (1144 Budapest, Orm\u00e1ns\u00e1g utca 4. X. em. 241.; support@tarhely.eu)<\/p>","protected":false},"author":1,"featured_media":0,"parent":0,"menu_order":0,"comment_status":"closed","ping_status":"closed","template":"elementor_header_footer","meta":{"footnotes":""},"class_list":["post-435","page","type-page","status-publish","hentry"],"yoast_head":"<!-- This site is optimized with the Yoast SEO Premium plugin v25.6 (Yoast SEO v26.2) - https:\/\/yoast.com\/wordpress\/plugins\/seo\/ -->\n<title>Impresszum - CLIQLAB.<\/title>\n<meta name=\"robots\" content=\"index, follow, max-snippet:-1, max-image-preview:large, max-video-preview:-1\" \/>\n<link rel=\"canonical\" href=\"https:\/\/www.cliqlab.hu\/en\/impresszum\/\" \/>\n<meta property=\"og:locale\" content=\"en_US\" \/>\n<meta property=\"og:type\" content=\"article\" \/>\n<meta property=\"og:title\" content=\"Impresszum\" \/>\n<meta property=\"og:description\" content=\"C\u00e9gn\u00e9v: CLIQLAB Kft.C\u00e9gjegyz\u00e9ksz\u00e1m: 02-09-087701Ad\u00f3sz\u00e1m: 32299625-2-02 (VAT: HU32299625)Sz\u00e9khely: 7624 P\u00e9cs, Kacs\u00f3h Pongr\u00e1c utca 1. 2. em. 6. aE-mail: hello@cliq.huK\u00e9pvisel\u0151: Lehmann M\u00e1rta \u00fcgyvezet\u0151Telefon: +36 30 296 8850Nyilv\u00e1ntart\u00e1sba vev\u0151 hat\u00f3s\u00e1g: P\u00e9csi T\u00f6rv\u00e9nysz\u00e9k C\u00e9gb\u00edr\u00f3s\u00e1gaKamara: C\u00e9g\u00fcnk a P\u00e9cs-Baranyai Kereskedelmi \u00e9s Iparkamara \u00f6nk\u00e9ntes tagjaT\u00e1rhelyszolg\u00e1ltat\u00f3: T\u00e1rhely.Eu Szolg\u00e1ltat\u00f3 Kft. (1144 Budapest, Orm\u00e1ns\u00e1g utca 4. X. em. 241.; support@tarhely.eu)\" \/>\n<meta property=\"og:url\" content=\"https:\/\/www.cliqlab.hu\/en\/impresszum\/\" \/>\n<meta property=\"og:site_name\" content=\"CLIQLAB.\" \/>\n<meta property=\"article:modified_time\" content=\"2025-10-26T11:13:31+00:00\" \/>\n<meta name=\"twitter:card\" content=\"summary_large_image\" \/>\n<meta name=\"twitter:label1\" content=\"Est. reading time\" \/>\n\t<meta name=\"twitter:data1\" content=\"1 minute\" \/>\n<script type=\"application\/ld+json\" class=\"yoast-schema-graph\">{\"@context\":\"https:\/\/schema.org\",\"@graph\":[{\"@type\":\"WebPage\",\"@id\":\"https:\/\/www.cliqlab.hu\/impresszum\/\",\"url\":\"https:\/\/www.cliqlab.hu\/impresszum\/\",\"name\":\"Impresszum - CLIQLAB.\",\"isPartOf\":{\"@id\":\"http:\/\/www.cliqlab.hu\/en\/#website\"},\"primaryImageOfPage\":{\"@id\":\"https:\/\/www.cliqlab.hu\/impresszum\/#primaryimage\"},\"image\":{\"@id\":\"https:\/\/www.cliqlab.hu\/impresszum\/#primaryimage\"},\"thumbnailUrl\":\"https:\/\/www.cliqlab.hu\/wp-content\/uploads\/2024\/08\/Element-2.svg\",\"datePublished\":\"2024-08-09T13:25:21+00:00\",\"dateModified\":\"2025-10-26T11:13:31+00:00\",\"breadcrumb\":{\"@id\":\"https:\/\/www.cliqlab.hu\/impresszum\/#breadcrumb\"},\"inLanguage\":\"en-US\",\"potentialAction\":[{\"@type\":\"ReadAction\",\"target\":[\"https:\/\/www.cliqlab.hu\/impresszum\/\"]}]},{\"@type\":\"ImageObject\",\"inLanguage\":\"en-US\",\"@id\":\"https:\/\/www.cliqlab.hu\/impresszum\/#primaryimage\",\"url\":\"https:\/\/www.cliqlab.hu\/wp-content\/uploads\/2024\/08\/Element-2.svg\",\"contentUrl\":\"https:\/\/www.cliqlab.hu\/wp-content\/uploads\/2024\/08\/Element-2.svg\"},{\"@type\":\"BreadcrumbList\",\"@id\":\"https:\/\/www.cliqlab.hu\/impresszum\/#breadcrumb\",\"itemListElement\":[{\"@type\":\"ListItem\",\"position\":1,\"name\":\"Kezd\u0151lap\",\"item\":\"https:\/\/www.cliqlab.hu\/\"},{\"@type\":\"ListItem\",\"position\":2,\"name\":\"Impresszum\"}]},{\"@type\":\"WebSite\",\"@id\":\"http:\/\/www.cliqlab.hu\/en\/#website\",\"url\":\"http:\/\/www.cliqlab.hu\/en\/\",\"name\":\"CLIQLAB.\",\"description\":\"Marketing Agency\",\"publisher\":{\"@id\":\"http:\/\/www.cliqlab.hu\/en\/#organization\"},\"potentialAction\":[{\"@type\":\"SearchAction\",\"target\":{\"@type\":\"EntryPoint\",\"urlTemplate\":\"http:\/\/www.cliqlab.hu\/en\/?s={search_term_string}\"},\"query-input\":{\"@type\":\"PropertyValueSpecification\",\"valueRequired\":true,\"valueName\":\"search_term_string\"}}],\"inLanguage\":\"en-US\"},{\"@type\":\"Organization\",\"@id\":\"http:\/\/www.cliqlab.hu\/en\/#organization\",\"name\":\"CLIQLAB.\",\"url\":\"http:\/\/www.cliqlab.hu\/en\/\",\"logo\":{\"@type\":\"ImageObject\",\"inLanguage\":\"en-US\",\"@id\":\"http:\/\/www.cliqlab.hu\/en\/#\/schema\/logo\/image\/\",\"url\":\"https:\/\/www.cliqlab.hu\/wp-content\/uploads\/2024\/08\/cropped-CLIQLAB_LOGO_WEB.png\",\"contentUrl\":\"https:\/\/www.cliqlab.hu\/wp-content\/uploads\/2024\/08\/cropped-CLIQLAB_LOGO_WEB.png\",\"width\":2145,\"height\":334,\"caption\":\"CLIQLAB.\"},\"image\":{\"@id\":\"http:\/\/www.cliqlab.hu\/en\/#\/schema\/logo\/image\/\"}}]}<\/script>\n<!-- \/ Yoast SEO Premium plugin. -->","yoast_head_json":{"title":"Impresszum - CLIQLAB.","robots":{"index":"index","follow":"follow","max-snippet":"max-snippet:-1","max-image-preview":"max-image-preview:large","max-video-preview":"max-video-preview:-1"},"canonical":"https:\/\/www.cliqlab.hu\/en\/impresszum\/","og_locale":"en_US","og_type":"article","og_title":"Impresszum","og_description":"C\u00e9gn\u00e9v: CLIQLAB Kft.C\u00e9gjegyz\u00e9ksz\u00e1m: 02-09-087701Ad\u00f3sz\u00e1m: 32299625-2-02 (VAT: HU32299625)Sz\u00e9khely: 7624 P\u00e9cs, Kacs\u00f3h Pongr\u00e1c utca 1. 2. em. 6. aE-mail: hello@cliq.huK\u00e9pvisel\u0151: Lehmann M\u00e1rta \u00fcgyvezet\u0151Telefon: +36 30 296 8850Nyilv\u00e1ntart\u00e1sba vev\u0151 hat\u00f3s\u00e1g: P\u00e9csi T\u00f6rv\u00e9nysz\u00e9k C\u00e9gb\u00edr\u00f3s\u00e1gaKamara: C\u00e9g\u00fcnk a P\u00e9cs-Baranyai Kereskedelmi \u00e9s Iparkamara \u00f6nk\u00e9ntes tagjaT\u00e1rhelyszolg\u00e1ltat\u00f3: T\u00e1rhely.Eu Szolg\u00e1ltat\u00f3 Kft. (1144 Budapest, Orm\u00e1ns\u00e1g utca 4. X. em. 241.; support@tarhely.eu)","og_url":"https:\/\/www.cliqlab.hu\/en\/impresszum\/","og_site_name":"CLIQLAB.","article_modified_time":"2025-10-26T11:13:31+00:00","twitter_card":"summary_large_image","twitter_misc":{"Est. reading time":"1 minute"},"schema":{"@context":"https:\/\/schema.org","@graph":[{"@type":"WebPage","@id":"https:\/\/www.cliqlab.hu\/impresszum\/","url":"https:\/\/www.cliqlab.hu\/impresszum\/","name":"Impresszum - CLIQLAB.","isPartOf":{"@id":"http:\/\/www.cliqlab.hu\/en\/#website"},"primaryImageOfPage":{"@id":"https:\/\/www.cliqlab.hu\/impresszum\/#primaryimage"},"image":{"@id":"https:\/\/www.cliqlab.hu\/impresszum\/#primaryimage"},"thumbnailUrl":"https:\/\/www.cliqlab.hu\/wp-content\/uploads\/2024\/08\/Element-2.svg","datePublished":"2024-08-09T13:25:21+00:00","dateModified":"2025-10-26T11:13:31+00:00","breadcrumb":{"@id":"https:\/\/www.cliqlab.hu\/impresszum\/#breadcrumb"},"inLanguage":"en-US","potentialAction":[{"@type":"ReadAction","target":["https:\/\/www.cliqlab.hu\/impresszum\/"]}]},{"@type":"ImageObject","inLanguage":"en-US","@id":"https:\/\/www.cliqlab.hu\/impresszum\/#primaryimage","url":"https:\/\/www.cliqlab.hu\/wp-content\/uploads\/2024\/08\/Element-2.svg","contentUrl":"https:\/\/www.cliqlab.hu\/wp-content\/uploads\/2024\/08\/Element-2.svg"},{"@type":"BreadcrumbList","@id":"https:\/\/www.cliqlab.hu\/impresszum\/#breadcrumb","itemListElement":[{"@type":"ListItem","position":1,"name":"Kezd\u0151lap","item":"https:\/\/www.cliqlab.hu\/"},{"@type":"ListItem","position":2,"name":"Impresszum"}]},{"@type":"WebSite","@id":"http:\/\/www.cliqlab.hu\/en\/#website","url":"http:\/\/www.cliqlab.hu\/en\/","name":"CLIQLAB.","description":"Marketing Agency","publisher":{"@id":"http:\/\/www.cliqlab.hu\/en\/#organization"},"potentialAction":[{"@type":"SearchAction","target":{"@type":"EntryPoint","urlTemplate":"http:\/\/www.cliqlab.hu\/en\/?s={search_term_string}"},"query-input":{"@type":"PropertyValueSpecification","valueRequired":true,"valueName":"search_term_string"}}],"inLanguage":"en-US"},{"@type":"Organization","@id":"http:\/\/www.cliqlab.hu\/en\/#organization","name":"CLIQLAB.","url":"http:\/\/www.cliqlab.hu\/en\/","logo":{"@type":"ImageObject","inLanguage":"en-US","@id":"http:\/\/www.cliqlab.hu\/en\/#\/schema\/logo\/image\/","url":"https:\/\/www.cliqlab.hu\/wp-content\/uploads\/2024\/08\/cropped-CLIQLAB_LOGO_WEB.png","contentUrl":"https:\/\/www.cliqlab.hu\/wp-content\/uploads\/2024\/08\/cropped-CLIQLAB_LOGO_WEB.png","width":2145,"height":334,"caption":"CLIQLAB."},"image":{"@id":"http:\/\/www.cliqlab.hu\/en\/#\/schema\/logo\/image\/"}}]}},"_links":{"self":[{"href":"https:\/\/www.cliqlab.hu\/en\/wp-json\/wp\/v2\/pages\/435","targetHints":{"allow":["GET"]}}],"collection":[{"href":"https:\/\/www.cliqlab.hu\/en\/wp-json\/wp\/v2\/pages"}],"about":[{"href":"https:\/\/www.cliqlab.hu\/en\/wp-json\/wp\/v2\/types\/page"}],"author":[{"embeddable":true,"href":"https:\/\/www.cliqlab.hu\/en\/wp-json\/wp\/v2\/users\/1"}],"replies":[{"embeddable":true,"href":"https:\/\/www.cliqlab.hu\/en\/wp-json\/wp\/v2\/comments?post=435"}],"version-history":[{"count":28,"href":"https:\/\/www.cliqlab.hu\/en\/wp-json\/wp\/v2\/pages\/435\/revisions"}],"predecessor-version":[{"id":2081,"href":"https:\/\/www.cliqlab.hu\/en\/wp-json\/wp\/v2\/pages\/435\/revisions\/2081"}],"wp:attachment":[{"href":"https:\/\/www.cliqlab.hu\/en\/wp-json\/wp\/v2\/media?parent=435"}],"curies":[{"name":"wp","href":"https:\/\/api.w.org\/{rel}","templated":true}]}}